{"id":400,"date":"2021-05-03T13:06:44","date_gmt":"2021-05-03T13:06:44","guid":{"rendered":"https:\/\/www.bodyplaza.be\/fr\/?page_id=400"},"modified":"2021-10-05T08:56:57","modified_gmt":"2021-10-05T08:56:57","slug":"who-is-body-plaza-europe","status":"publish","type":"page","link":"https:\/\/www.bodyplaza.be\/fr\/who-is-body-plaza-europe\/","title":{"rendered":"Who is Body Plaza Europe"},"content":{"rendered":"\t\t<div data-elementor-type=\"wp-page\" data-elementor-id=\"400\" class=\"elementor elementor-400\" data-elementor-post-type=\"page\">\n\t\t\t\t\t\t<section class=\"elementor-section elementor-top-section elementor-element elementor-element-80d1d6e elementor-section-height-min-height sf-top elementor-section-boxed elementor-section-height-default elementor-section-items-middle\" data-id=\"80d1d6e\" data-element_type=\"section\" data-e-type=\"section\" data-settings=\"{&quot;background_background&quot;:&quot;classic&quot;,&quot;shape_divider_bottom&quot;:&quot;waves&quot;}\">\n\t\t\t\t\t<div class=\"elementor-shape elementor-shape-bottom\" aria-hidden=\"true\" data-negative=\"false\">\n\t\t\t<svg xmlns=\"http:\/\/www.w3.org\/2000\/svg\" viewBox=\"0 0 1000 100\" preserveAspectRatio=\"none\">\n\t<path class=\"elementor-shape-fill\" d=\"M421.9,6.5c22.6-2.5,51.5,0.4,75.5,5.3c23.6,4.9,70.9,23.5,100.5,35.7c75.8,32.2,133.7,44.5,192.6,49.7\n\tc23.6,2.1,48.7,3.5,103.4-2.5c54.7-6,106.2-25.6,106.2-25.6V0H0v30.3c0,0,72,32.6,158.4,30.5c39.2-0.7,92.8-6.7,134-22.4\n\tc21.2-8.1,52.2-18.2,79.7-24.2C399.3,7.9,411.6,7.5,421.9,6.5z\"\/>\n<\/svg>\t\t<\/div>\n\t\t\t\t\t<div class=\"elementor-container elementor-column-gap-default\">\n\t\t\t\t\t<div class=\"elementor-column elementor-col-50 elementor-top-column elementor-element elementor-element-d388438\" data-id=\"d388438\" data-element_type=\"column\" data-e-type=\"column\">\n\t\t\t<div class=\"elementor-widget-wrap elementor-element-populated\">\n\t\t\t\t\t\t<div class=\"elementor-element elementor-element-4745622 elementor-widget elementor-widget-heading\" data-id=\"4745622\" data-element_type=\"widget\" data-e-type=\"widget\" data-widget_type=\"heading.default\">\n\t\t\t\t<div class=\"elementor-widget-container\">\n\t\t\t\t\t<h1 class=\"elementor-heading-title elementor-size-default\">Qui est Body Plaza Europe ?<\/h1>\t\t\t\t<\/div>\n\t\t\t\t<\/div>\n\t\t\t\t<div class=\"elementor-element elementor-element-df3d229 elementor-widget elementor-widget-text-editor\" data-id=\"df3d229\" data-element_type=\"widget\" data-e-type=\"widget\" data-widget_type=\"text-editor.default\">\n\t\t\t\t<div class=\"elementor-widget-container\">\n\t\t\t\t\t\t\t\t\t<strong>Body Plaza Europe est un conglom\u00e9rat dynamique et innovant dans le secteur de la beaut\u00e9 et de la sant\u00e9.<\/strong>\t\t\t\t\t\t\t\t<\/div>\n\t\t\t\t<\/div>\n\t\t\t\t<div class=\"elementor-element elementor-element-2d5416a elementor-widget elementor-widget-text-editor\" data-id=\"2d5416a\" data-element_type=\"widget\" data-e-type=\"widget\" data-widget_type=\"text-editor.default\">\n\t\t\t\t<div class=\"elementor-widget-container\">\n\t\t\t\t\t\t\t\t\tGr\u00e2ce \u00e0 la gamme de produits r\u00e9volutionnaires et brevet\u00e9s <b>Nano CellCare<\/b>, nous sommes devenus un partenaire <b>reconnu des m\u00e9decins, th\u00e9rapeutes, professionnels de la sant\u00e9 et esth\u00e9ticiens<\/b>.\t\t\t\t\t\t\t\t<\/div>\n\t\t\t\t<\/div>\n\t\t\t\t\t<\/div>\n\t\t<\/div>\n\t\t\t\t<div class=\"elementor-column elementor-col-50 elementor-top-column elementor-element elementor-element-e15aa13\" data-id=\"e15aa13\" data-element_type=\"column\" data-e-type=\"column\">\n\t\t\t<div class=\"elementor-widget-wrap elementor-element-populated\">\n\t\t\t\t\t\t<div class=\"elementor-element elementor-element-1aefc6b elementor-widget elementor-widget-image\" data-id=\"1aefc6b\" data-element_type=\"widget\" data-e-type=\"widget\" data-settings=\"{&quot;motion_fx_motion_fx_scrolling&quot;:&quot;yes&quot;,&quot;motion_fx_translateY_effect&quot;:&quot;yes&quot;,&quot;motion_fx_translateY_speed&quot;:{&quot;unit&quot;:&quot;px&quot;,&quot;size&quot;:&quot;1&quot;,&quot;sizes&quot;:[]},&quot;_animation&quot;:&quot;none&quot;,&quot;motion_fx_translateY_affectedRange&quot;:{&quot;unit&quot;:&quot;%&quot;,&quot;size&quot;:&quot;&quot;,&quot;sizes&quot;:{&quot;start&quot;:0,&quot;end&quot;:100}},&quot;motion_fx_devices&quot;:[&quot;desktop&quot;,&quot;tablet&quot;,&quot;mobile&quot;]}\" data-widget_type=\"image.default\">\n\t\t\t\t<div class=\"elementor-widget-container\">\n\t\t\t\t\t\t\t\t\t\t\t\t\t\t\t<img fetchpriority=\"high\" decoding=\"async\" width=\"800\" height=\"800\" src=\"https:\/\/www.bodyplaza.be\/fr\/wp-content\/uploads\/2021\/05\/whobpe2.jpg\" class=\"attachment-full size-full wp-image-431\" alt=\"\" srcset=\"https:\/\/www.bodyplaza.be\/fr\/wp-content\/uploads\/2021\/05\/whobpe2.jpg 800w, https:\/\/www.bodyplaza.be\/fr\/wp-content\/uploads\/2021\/05\/whobpe2-300x300.jpg 300w, https:\/\/www.bodyplaza.be\/fr\/wp-content\/uploads\/2021\/05\/whobpe2-150x150.jpg 150w, https:\/\/www.bodyplaza.be\/fr\/wp-content\/uploads\/2021\/05\/whobpe2-768x768.jpg 768w\" sizes=\"(max-width: 800px) 100vw, 800px\" \/>\t\t\t\t\t\t\t\t\t\t\t\t\t\t\t<\/div>\n\t\t\t\t<\/div>\n\t\t\t\t\t<\/div>\n\t\t<\/div>\n\t\t\t\t\t<\/div>\n\t\t<\/section>\n\t\t\t\t<section class=\"elementor-section elementor-top-section elementor-element elementor-element-6f54921 elementor-section-content-middle elementor-section-boxed elementor-section-height-default elementor-section-height-default\" data-id=\"6f54921\" data-element_type=\"section\" data-e-type=\"section\">\n\t\t\t\t\t\t<div class=\"elementor-container elementor-column-gap-default\">\n\t\t\t\t\t<div class=\"elementor-column elementor-col-50 elementor-top-column elementor-element elementor-element-42644cc\" data-id=\"42644cc\" data-element_type=\"column\" data-e-type=\"column\">\n\t\t\t<div class=\"elementor-widget-wrap elementor-element-populated\">\n\t\t\t\t\t\t<div class=\"elementor-element elementor-element-ab29af0 elementor-widget elementor-widget-heading\" data-id=\"ab29af0\" data-element_type=\"widget\" data-e-type=\"widget\" data-widget_type=\"heading.default\">\n\t\t\t\t<div class=\"elementor-widget-container\">\n\t\t\t\t\t<h5 class=\"elementor-heading-title elementor-size-default\">Notre approche personnelle nous fournit des informations essentielles sur le march\u00e9, afin de garantir que nos activit\u00e9s de marketing r\u00e9pondent aux besoins de nos partenaires.<\/h5>\t\t\t\t<\/div>\n\t\t\t\t<\/div>\n\t\t\t\t<div class=\"elementor-element elementor-element-1e03b9e elementor-widget elementor-widget-heading\" data-id=\"1e03b9e\" data-element_type=\"widget\" data-e-type=\"widget\" data-widget_type=\"heading.default\">\n\t\t\t\t<div class=\"elementor-widget-container\">\n\t\t\t\t\t<h5 class=\"elementor-heading-title elementor-size-default\">En rejoignant le r\u00e9seau global de Body Plaza Europe, vous faites partie d'une aventure passionnante dans le domaine de la beaut\u00e9 et de la sant\u00e9.<\/h5>\t\t\t\t<\/div>\n\t\t\t\t<\/div>\n\t\t\t\t\t<\/div>\n\t\t<\/div>\n\t\t\t\t<div class=\"elementor-column elementor-col-50 elementor-top-column elementor-element elementor-element-ec386eb\" data-id=\"ec386eb\" data-element_type=\"column\" data-e-type=\"column\">\n\t\t\t<div class=\"elementor-widget-wrap elementor-element-populated\">\n\t\t\t\t\t\t<div class=\"elementor-element elementor-element-5ab8715 elementor-mobile-align-center elementor-align-center elementor-widget elementor-widget-button\" data-id=\"5ab8715\" data-element_type=\"widget\" data-e-type=\"widget\" data-widget_type=\"button.default\">\n\t\t\t\t<div class=\"elementor-widget-container\">\n\t\t\t\t\t\t\t\t\t<div class=\"elementor-button-wrapper\">\n\t\t\t\t\t<a class=\"elementor-button elementor-button-link elementor-size-md\" href=\"https:\/\/www.bodyplaza.be\/fr\/work-with-us\/\" target=\"_blank\">\n\t\t\t\t\t\t<span class=\"elementor-button-content-wrapper\">\n\t\t\t\t\t\t<span class=\"elementor-button-icon\">\n\t\t\t\t<i aria-hidden=\"true\" class=\"fas fa-people-arrows\"><\/i>\t\t\t<\/span>\n\t\t\t\t\t\t\t\t\t<span class=\"elementor-button-text\">Devenez Partenaire<\/span>\n\t\t\t\t\t<\/span>\n\t\t\t\t\t<\/a>\n\t\t\t\t<\/div>\n\t\t\t\t\t\t\t\t<\/div>\n\t\t\t\t<\/div>\n\t\t\t\t\t<\/div>\n\t\t<\/div>\n\t\t\t\t\t<\/div>\n\t\t<\/section>\n\t\t\t\t<section class=\"elementor-section elementor-top-section elementor-element elementor-element-3026c506 elementor-section-boxed elementor-section-height-default elementor-section-height-default\" data-id=\"3026c506\" data-element_type=\"section\" data-e-type=\"section\" data-settings=\"{&quot;background_background&quot;:&quot;classic&quot;}\">\n\t\t\t\t\t\t<div class=\"elementor-container elementor-column-gap-default\">\n\t\t\t\t\t<div class=\"elementor-column elementor-col-100 elementor-top-column elementor-element elementor-element-2a320f67\" data-id=\"2a320f67\" data-element_type=\"column\" data-e-type=\"column\">\n\t\t\t<div class=\"elementor-widget-wrap elementor-element-populated\">\n\t\t\t\t\t\t<div class=\"elementor-element elementor-element-43b3bd77 elementor-widget elementor-widget-text-editor\" data-id=\"43b3bd77\" data-element_type=\"widget\" data-e-type=\"widget\" data-widget_type=\"text-editor.default\">\n\t\t\t\t<div class=\"elementor-widget-container\">\n\t\t\t\t\t\t\t\t\t<p>Notre portefeuille s&#8217;enrichit continuellement de services et de produits visant \u00e0 renforcer, revitaliser et rajeunir l&#8217;ensemble de notre corps.<br \/><strong>Cela fait de Body Plaza Europe l&#8217;avenir de la beaut\u00e9 et de la sant\u00e9.<\/strong><\/p>\t\t\t\t\t\t\t\t<\/div>\n\t\t\t\t<\/div>\n\t\t\t\t<div class=\"elementor-element elementor-element-b8e6528 elementor-widget elementor-widget-text-editor\" data-id=\"b8e6528\" data-element_type=\"widget\" data-e-type=\"widget\" data-widget_type=\"text-editor.default\">\n\t\t\t\t<div class=\"elementor-widget-container\">\n\t\t\t\t\t\t\t\t\t<p>Gr\u00e2ce \u00e0 nos offres commercialement attractives, nous permettons \u00e0 nos partenaires d&#8217;exploiter au maximum leurs efforts et leurs revenus, tout en b\u00e9n\u00e9ficiant de la garantie la plus longue du march\u00e9, d&#8217;un service d&#8217;assistance exceptionnel et d&#8217;une garantie de remplacement sous 48h en cas de panne de la machine.<\/p><p><strong>Nous mettons tous nos efforts dans la r\u00e9ussite de votre entreprise.<\/strong><\/p>\t\t\t\t\t\t\t\t<\/div>\n\t\t\t\t<\/div>\n\t\t\t\t\t<\/div>\n\t\t<\/div>\n\t\t\t\t\t<\/div>\n\t\t<\/section>\n\t\t\t\t<\/div>\n\t\t","protected":false},"excerpt":{"rendered":"<p>Qui est Body Plaza Europe ? Body Plaza Europe est un conglom\u00e9rat dynamique et innovant dans le secteur de la beaut\u00e9 et de la sant\u00e9.Gr\u00e2ce \u00e0 la gamme de produits r\u00e9volutionnaires et brevet\u00e9s Nano CellCare, nous sommes devenus un partenaire reconnu des m\u00e9decins, th\u00e9rapeutes, professionnels de la sant\u00e9 et esth\u00e9ticiens. Notre approche personnelle nous fournit [&hellip;]<\/p>\n","protected":false},"author":1,"featured_media":0,"parent":0,"menu_order":0,"comment_status":"closed","ping_status":"closed","template":"","meta":{"footnotes":""},"class_list":["post-400","page","type-page","status-publish","hentry"],"_links":{"self":[{"href":"https:\/\/www.bodyplaza.be\/fr\/wp-json\/wp\/v2\/pages\/400","targetHints":{"allow":["GET"]}}],"collection":[{"href":"https:\/\/www.bodyplaza.be\/fr\/wp-json\/wp\/v2\/pages"}],"about":[{"href":"https:\/\/www.bodyplaza.be\/fr\/wp-json\/wp\/v2\/types\/page"}],"author":[{"embeddable":true,"href":"https:\/\/www.bodyplaza.be\/fr\/wp-json\/wp\/v2\/users\/1"}],"replies":[{"embeddable":true,"href":"https:\/\/www.bodyplaza.be\/fr\/wp-json\/wp\/v2\/comments?post=400"}],"version-history":[{"count":50,"href":"https:\/\/www.bodyplaza.be\/fr\/wp-json\/wp\/v2\/pages\/400\/revisions"}],"predecessor-version":[{"id":2313,"href":"https:\/\/www.bodyplaza.be\/fr\/wp-json\/wp\/v2\/pages\/400\/revisions\/2313"}],"wp:attachment":[{"href":"https:\/\/www.bodyplaza.be\/fr\/wp-json\/wp\/v2\/media?parent=400"}],"curies":[{"name":"wp","href":"https:\/\/api.w.org\/{rel}","templated":true}]}}